{"id":82,"date":"2026-05-01T11:34:18","date_gmt":"2026-05-01T09:34:18","guid":{"rendered":"https:\/\/cafe.hub-infra.com\/?page_id=82"},"modified":"2026-05-01T13:03:30","modified_gmt":"2026-05-01T11:03:30","slug":"inicio","status":"publish","type":"page","link":"https:\/\/cafe.hub-infra.com\/","title":{"rendered":"Inicio"},"content":{"rendered":"\n<p>Esta es la web de inicio.<\/p>\n\n\n<div class=\"wp-block-post-date__modified-date wp-block-post-date\"><time datetime=\"2026-05-01T13:03:30+02:00\">2026-05-01<\/time><\/div>\n\n\n<p><\/p>\n\n\n    <div class=\"pc-pros-cons\">\n        <div><h3>Lo mejor<\/h3><ul><li>F\u00e1cil de usar&lt;br \/&gt;<\/li><li>Buen resultado diario&lt;br \/&gt;<\/li><li>Mantenimiento razonable<\/li><\/ul><\/div>\n        <div><h3>A mejorar<\/h3><ul><li>Dep\u00f3sito peque\u00f1o&lt;br \/&gt;<\/li><li>Menos opciones avanzadas&lt;br \/&gt;<\/li><li>Algo ruidosa<\/li><\/ul><\/div>\n    <\/div>\n    \n\n\n\n<div class=\"wp-block-group pc-pattern pc-pattern-hero\"><div class=\"wp-block-group__inner-container is-layout-flow wp-block-group-is-layout-flow\">\n<p class=\"pc-eyebrow\">Portal Caf\u00e9<\/p>\n\n\n\n<h1 class=\"wp-block-heading\">Comparativas y gu\u00edas para elegir mejor tu caf\u00e9<\/h1>\n\n\n\n<p>Publica una portada clara y comercial sin pelearte con el dise\u00f1o. Sustituye este texto por tu propuesta real.<\/p>\n\n\n\n<div class=\"wp-block-buttons is-layout-flex wp-block-buttons-is-layout-flex\">\n<div class=\"wp-block-button pc-button-primary\"><a class=\"wp-block-button__link wp-element-button\" href=\"#comparativas\">Ver comparativas<\/a><\/div>\n\n\n\n<div class=\"wp-block-button is-style-outline is-style-outline--1\"><a class=\"wp-block-button__link wp-element-button\" href=\"#guias\">Leer gu\u00edas<\/a><\/div>\n<\/div>\n<\/div><\/div>\n\n\n\n<div class=\"wp-block-columns is-layout-flex wp-container-core-columns-is-layout-9d6595d7 wp-block-columns-is-layout-flex\">\n<div class=\"wp-block-column is-layout-flow wp-block-column-is-layout-flow\">\n<div class=\"wp-block-group pc-card\"><div class=\"wp-block-group__inner-container is-layout-flow wp-block-group-is-layout-flow\">\n<h3 class=\"wp-block-heading\"><a href=\"https:\/\/cafe.hub-infra.com\/?page_id=26\" data-type=\"page\" data-id=\"26\">Comparativas<\/a><\/h3>\n\n\n\n<p>Ayuda al usuario a encontrar la opci\u00f3n que mejor encaja con su presupuesto y uso.<\/p>\n<\/div><\/div>\n<\/div>\n\n\n\n<div class=\"wp-block-column is-layout-flow wp-block-column-is-layout-flow\">\n<div class=\"wp-block-group pc-card\"><div class=\"wp-block-group__inner-container is-layout-flow wp-block-group-is-layout-flow\">\n<h3 class=\"wp-block-heading\"><a href=\"https:\/\/cafe.hub-infra.com\/?page_id=28\" data-type=\"page\" data-id=\"28\">Reviews<\/a><\/h3>\n\n\n\n<p>Explica puntos fuertes, l\u00edmites y perfil de usuario ideal de forma clara.<\/p>\n<\/div><\/div>\n<\/div>\n\n\n\n<div class=\"wp-block-column is-layout-flow wp-block-column-is-layout-flow\">\n<div class=\"wp-block-group pc-card\"><div class=\"wp-block-group__inner-container is-layout-flow wp-block-group-is-layout-flow\">\n<h3 class=\"wp-block-heading\"><a href=\"https:\/\/cafe.hub-infra.com\/?page_id=30\" data-type=\"page\" data-id=\"30\">Gu\u00edas<\/a><\/h3>\n\n\n\n<p>Publica contenido educativo para reforzar confianza y captar tr\u00e1fico \u00fatil.<\/p>\n<\/div><\/div>\n<\/div>\n<\/div>\n\n\n\n<p><\/p>\n","protected":false},"excerpt":{"rendered":"<p>Esta es la web de inicio. Portal Caf\u00e9 Comparativas y gu\u00edas para elegir mejor tu caf\u00e9 Publica una portada clara y comercial sin pelearte con el dise\u00f1o. Sustituye este texto por tu propuesta real. Comparativas Ayuda al usuario a encontrar la opci\u00f3n que mejor encaja con su presupuesto y uso. Reviews Explica puntos fuertes, l\u00edmites [&hellip;]<\/p>\n","protected":false},"author":1,"featured_media":0,"parent":0,"menu_order":0,"comment_status":"closed","ping_status":"closed","template":"","meta":{"footnotes":""},"class_list":["post-82","page","type-page","status-publish","hentry"],"_links":{"self":[{"href":"https:\/\/cafe.hub-infra.com\/wp-json\/wp\/v2\/pages\/82","targetHints":{"allow":["GET"]}}],"collection":[{"href":"https:\/\/cafe.hub-infra.com\/wp-json\/wp\/v2\/pages"}],"about":[{"href":"https:\/\/cafe.hub-infra.com\/wp-json\/wp\/v2\/types\/page"}],"author":[{"embeddable":true,"href":"https:\/\/cafe.hub-infra.com\/wp-json\/wp\/v2\/users\/1"}],"replies":[{"embeddable":true,"href":"https:\/\/cafe.hub-infra.com\/wp-json\/wp\/v2\/comments?post=82"}],"version-history":[{"count":5,"href":"https:\/\/cafe.hub-infra.com\/wp-json\/wp\/v2\/pages\/82\/revisions"}],"predecessor-version":[{"id":89,"href":"https:\/\/cafe.hub-infra.com\/wp-json\/wp\/v2\/pages\/82\/revisions\/89"}],"wp:attachment":[{"href":"https:\/\/cafe.hub-infra.com\/wp-json\/wp\/v2\/media?parent=82"}],"curies":[{"name":"wp","href":"https:\/\/api.w.org\/{rel}","templated":true}]}}